{"id":3206,"date":"2025-12-12T12:01:33","date_gmt":"2025-12-12T12:01:33","guid":{"rendered":"https:\/\/artinet.net\/projectes\/"},"modified":"2026-02-16T14:59:28","modified_gmt":"2026-02-16T14:59:28","slug":"projectes","status":"publish","type":"page","link":"https:\/\/artinet.net\/ca\/projectes\/","title":{"rendered":"Projectes"},"content":{"rendered":"\t\t<div data-elementor-type=\"wp-page\" data-elementor-id=\"3206\" class=\"elementor elementor-3206 elementor-1091\" data-elementor-post-type=\"page\">\n\t\t\t\t<div class=\"elementor-element elementor-element-3a33cc8 e-con-full e-flex e-con e-parent\" data-id=\"3a33cc8\" data-element_type=\"container\" data-e-type=\"container\">\n\t\t<div class=\"elementor-element elementor-element-52aeab2 e-con-full e-flex e-con e-child\" data-id=\"52aeab2\" data-element_type=\"container\" data-e-type=\"container\">\n\t\t\t\t<div class=\"elementor-element elementor-element-4ada89a elementor-widget elementor-widget-taxonomy-filter\" data-id=\"4ada89a\" data-element_type=\"widget\" data-e-type=\"widget\" data-settings=\"{&quot;selected_element&quot;:&quot;fd25ff8&quot;,&quot;taxonomy&quot;:&quot;sector&quot;,&quot;item_alignment_horizontal&quot;:&quot;start&quot;,&quot;multiple_selection&quot;:&quot;no&quot;,&quot;horizontal_scroll&quot;:&quot;disable&quot;}\" data-widget_type=\"taxonomy-filter.default\">\n\t\t\t\t\t\t\t<search class=\"e-filter\" role=\"search\" data-base-url=\"https:\/\/artinet.net\/ca\/\" data-page-num=\"1\">\n\t\t\t\t\t\t\t<button class=\"e-filter-item\" data-filter=\"alimentacio\" aria-pressed=\"false\">Alimentaci\u00f3<\/button>\n\t\t\t\t\t\t\t<button class=\"e-filter-item\" data-filter=\"bellesa\" aria-pressed=\"false\">Bellesa-Cosm\u00e8tica<\/button>\n\t\t\t\t\t\t\t<button class=\"e-filter-item\" data-filter=\"educacio-editorial\" aria-pressed=\"false\">Educaci\u00f3-Editorial<\/button>\n\t\t\t\t\t\t\t<button class=\"e-filter-item\" data-filter=\"industria\" aria-pressed=\"false\">Ind\u00fastria<\/button>\n\t\t\t\n\t\t\t\t\t\t\t\t<\/search>\n\t\t\t\t\t\t<\/div>\n\t\t\t\t<\/div>\n\t\t\t\t<\/div>\n\t\t<div class=\"elementor-element elementor-element-eed31fa e-con-full e-flex e-con e-parent\" data-id=\"eed31fa\" data-element_type=\"container\" data-e-type=\"container\">\n\t\t\t\t<div class=\"elementor-element elementor-element-fd25ff8 elementor-grid-2 elementor-grid-tablet-2 elementor-grid-mobile-1 elementor-widget elementor-widget-loop-grid\" data-id=\"fd25ff8\" data-element_type=\"widget\" data-e-type=\"widget\" data-settings=\"{&quot;template_id&quot;:1102,&quot;columns&quot;:2,&quot;pagination_type&quot;:&quot;load_more_infinite_scroll&quot;,&quot;row_gap&quot;:{&quot;unit&quot;:&quot;px&quot;,&quot;size&quot;:39,&quot;sizes&quot;:[]},&quot;_skin&quot;:&quot;post&quot;,&quot;columns_tablet&quot;:&quot;2&quot;,&quot;columns_mobile&quot;:&quot;1&quot;,&quot;edit_handle_selector&quot;:&quot;[data-elementor-type=\\&quot;loop-item\\&quot;]&quot;,&quot;load_more_spinner&quot;:{&quot;value&quot;:&quot;fas fa-spinner&quot;,&quot;library&quot;:&quot;fa-solid&quot;},&quot;row_gap_tablet&quot;:{&quot;unit&quot;:&quot;px&quot;,&quot;size&quot;:&quot;&quot;,&quot;sizes&quot;:[]},&quot;row_gap_mobile&quot;:{&quot;unit&quot;:&quot;px&quot;,&quot;size&quot;:&quot;&quot;,&quot;sizes&quot;:[]}}\" data-widget_type=\"loop-grid.post\">\n\t\t\t\t<div class=\"elementor-widget-container\">\n\t\t\t\t\t\t\t<div class=\"elementor-loop-container elementor-grid\" role=\"list\">\n\t\t<style id=\"loop-1102\">.elementor-1102 .elementor-element.elementor-element-b3d06a7{--display:flex;--flex-direction:column;--container-widget-width:100%;--container-widget-height:initial;--container-widget-flex-grow:0;--container-widget-align-self:initial;--flex-wrap-mobile:wrap;--gap:0px 0px;--row-gap:0px;--column-gap:0px;--margin-top:0px;--margin-bottom:0px;--margin-left:0px;--margin-right:0px;--padding-top:0px;--padding-bottom:0px;--padding-left:0px;--padding-right:0px;}.elementor-1102 .elementor-element.elementor-element-d256191 img{width:100%;height:100%;}.elementor-1102 .elementor-element.elementor-element-d256191{margin:0px 0px calc(var(--kit-widget-spacing, 0px) + 0px) 0px;padding:0px 0px 0px 0px;}.elementor-1102 .elementor-element.elementor-element-88842ab .elementor-heading-title{font-family:\"LibreFranklin\", Sans-serif;font-size:21px;font-weight:700;color:#000000;}.elementor-1102 .elementor-element.elementor-element-88842ab{margin:0px 0px calc(var(--kit-widget-spacing, 0px) + 0px) 0px;padding:20px 0px 20px 0px;}.elementor-1102 .elementor-element.elementor-element-eb445c9{font-family:\"LibreFranklin\", Sans-serif;font-size:21px;font-weight:300;color:#000000;margin:-20px 0px calc(var(--kit-widget-spacing, 0px) + 0px) 0px;padding:0px 0px 0px 0px;}.elementor-1102 .elementor-element.elementor-element-eb445c9 a{color:#000000;}<\/style>\t\t<div data-elementor-type=\"loop-item\" data-elementor-id=\"1102\" class=\"elementor elementor-1102 e-loop-item e-loop-item-2542 post-2542 proyecto type-proyecto status-publish has-post-thumbnail hentry sector-industria\" data-elementor-post-type=\"elementor_library\" data-custom-edit-handle=\"1\">\n\t\t\t<a class=\"elementor-element elementor-element-b3d06a7 e-con-full e-flex e-con e-parent\" data-id=\"b3d06a7\" data-element_type=\"container\" data-e-type=\"container\" href=\"https:\/\/artinet.net\/ca\/proyecto\/altius\/\">\n\t\t\t\t<div class=\"elementor-element elementor-element-d256191 elementor-widget elementor-widget-theme-post-featured-image elementor-widget-image\" data-id=\"d256191\" data-element_type=\"widget\" data-e-type=\"widget\" data-widget_type=\"theme-post-featured-image.default\">\n\t\t\t\t\t\t\t\t\t\t\t\t\t\t\t<img fetchpriority=\"high\" decoding=\"async\" width=\"1215\" height=\"580\" src=\"https:\/\/artinet.net\/wp-content\/uploads\/2025\/12\/altius-branding-artinet-02.jpg\" class=\"attachment-full size-full wp-image-2548\" alt=\"\" srcset=\"https:\/\/artinet.net\/wp-content\/uploads\/2025\/12\/altius-branding-artinet-02.jpg 1215w, https:\/\/artinet.net\/wp-content\/uploads\/2025\/12\/altius-branding-artinet-02-300x143.jpg 300w, https:\/\/artinet.net\/wp-content\/uploads\/2025\/12\/altius-branding-artinet-02-1024x489.jpg 1024w, https:\/\/artinet.net\/wp-content\/uploads\/2025\/12\/altius-branding-artinet-02-768x367.jpg 768w\" sizes=\"(max-width: 1215px) 100vw, 1215px\" \/>\t\t\t\t\t\t\t\t\t\t\t\t\t\t\t<\/div>\n\t\t\t\t<div class=\"elementor-element elementor-element-88842ab elementor-widget elementor-widget-theme-post-title elementor-page-title elementor-widget-heading\" data-id=\"88842ab\" data-element_type=\"widget\" data-e-type=\"widget\" data-widget_type=\"theme-post-title.default\">\n\t\t\t\t\t<h1 class=\"elementor-heading-title elementor-size-default\">Altius<\/h1>\t\t\t\t<\/div>\n\t\t\t\t<div class=\"elementor-element elementor-element-eb445c9 elementor-widget elementor-widget-text-editor\" data-id=\"eb445c9\" data-element_type=\"widget\" data-e-type=\"widget\" data-widget_type=\"text-editor.default\">\n\t\t\t\t\t\t\t\t\tMoving Forward. Moving with you.  Moving Forward. Moving with you. Quina \u00e9s la dist\u00e0ncia m\u00e9s curta entre dos punts?\t\t\t\t\t\t\t\t<\/div>\n\t\t\t\t<\/a>\n\t\t\t\t<\/div>\n\t\t\t\t<div data-elementor-type=\"loop-item\" data-elementor-id=\"1102\" class=\"elementor elementor-1102 e-loop-item e-loop-item-2600 post-2600 proyecto type-proyecto status-publish has-post-thumbnail hentry sector-industria\" data-elementor-post-type=\"elementor_library\" data-custom-edit-handle=\"1\">\n\t\t\t<a class=\"elementor-element elementor-element-b3d06a7 e-con-full e-flex e-con e-parent\" data-id=\"b3d06a7\" data-element_type=\"container\" data-e-type=\"container\" href=\"https:\/\/artinet.net\/ca\/proyecto\/bang-olufsen\/\">\n\t\t\t\t<div class=\"elementor-element elementor-element-d256191 elementor-widget elementor-widget-theme-post-featured-image elementor-widget-image\" data-id=\"d256191\" data-element_type=\"widget\" data-e-type=\"widget\" data-widget_type=\"theme-post-featured-image.default\">\n\t\t\t\t\t\t\t\t\t\t\t\t\t\t\t<img decoding=\"async\" width=\"1215\" height=\"580\" src=\"https:\/\/artinet.net\/wp-content\/uploads\/2025\/12\/bangolufsen-landings-artinet.jpg\" class=\"attachment-full size-full wp-image-2604\" alt=\"\" srcset=\"https:\/\/artinet.net\/wp-content\/uploads\/2025\/12\/bangolufsen-landings-artinet.jpg 1215w, https:\/\/artinet.net\/wp-content\/uploads\/2025\/12\/bangolufsen-landings-artinet-300x143.jpg 300w, https:\/\/artinet.net\/wp-content\/uploads\/2025\/12\/bangolufsen-landings-artinet-1024x489.jpg 1024w, https:\/\/artinet.net\/wp-content\/uploads\/2025\/12\/bangolufsen-landings-artinet-768x367.jpg 768w\" sizes=\"(max-width: 1215px) 100vw, 1215px\" \/>\t\t\t\t\t\t\t\t\t\t\t\t\t\t\t<\/div>\n\t\t\t\t<div class=\"elementor-element elementor-element-88842ab elementor-widget elementor-widget-theme-post-title elementor-page-title elementor-widget-heading\" data-id=\"88842ab\" data-element_type=\"widget\" data-e-type=\"widget\" data-widget_type=\"theme-post-title.default\">\n\t\t\t\t\t<h1 class=\"elementor-heading-title elementor-size-default\">Bang &amp; Olufsen<\/h1>\t\t\t\t<\/div>\n\t\t\t\t<div class=\"elementor-element elementor-element-eb445c9 elementor-widget elementor-widget-text-editor\" data-id=\"eb445c9\" data-element_type=\"widget\" data-e-type=\"widget\" data-widget_type=\"text-editor.default\">\n\t\t\t\t\t\t\t\t\tLanding Pages per a les accions de comunicaci\u00f3\t\t\t\t\t\t\t\t<\/div>\n\t\t\t\t<\/a>\n\t\t\t\t<\/div>\n\t\t\t\t<div data-elementor-type=\"loop-item\" data-elementor-id=\"1102\" class=\"elementor elementor-1102 e-loop-item e-loop-item-2870 post-2870 proyecto type-proyecto status-publish has-post-thumbnail hentry sector-alimentacio\" data-elementor-post-type=\"elementor_library\" data-custom-edit-handle=\"1\">\n\t\t\t<a class=\"elementor-element elementor-element-b3d06a7 e-con-full e-flex e-con e-parent\" data-id=\"b3d06a7\" data-element_type=\"container\" data-e-type=\"container\" href=\"https:\/\/artinet.net\/ca\/proyecto\/bodegas-nexus-y-frontaura-victoria\/\">\n\t\t\t\t<div class=\"elementor-element elementor-element-d256191 elementor-widget elementor-widget-theme-post-featured-image elementor-widget-image\" data-id=\"d256191\" data-element_type=\"widget\" data-e-type=\"widget\" data-widget_type=\"theme-post-featured-image.default\">\n\t\t\t\t\t\t\t\t\t\t\t\t\t\t\t<img decoding=\"async\" width=\"1200\" height=\"600\" src=\"https:\/\/artinet.net\/wp-content\/uploads\/2025\/11\/destacada-bodega-nexus.jpg\" class=\"attachment-full size-full wp-image-2866\" alt=\"\" srcset=\"https:\/\/artinet.net\/wp-content\/uploads\/2025\/11\/destacada-bodega-nexus.jpg 1200w, https:\/\/artinet.net\/wp-content\/uploads\/2025\/11\/destacada-bodega-nexus-300x150.jpg 300w, https:\/\/artinet.net\/wp-content\/uploads\/2025\/11\/destacada-bodega-nexus-1024x512.jpg 1024w, https:\/\/artinet.net\/wp-content\/uploads\/2025\/11\/destacada-bodega-nexus-768x384.jpg 768w\" sizes=\"(max-width: 1200px) 100vw, 1200px\" \/>\t\t\t\t\t\t\t\t\t\t\t\t\t\t\t<\/div>\n\t\t\t\t<div class=\"elementor-element elementor-element-88842ab elementor-widget elementor-widget-theme-post-title elementor-page-title elementor-widget-heading\" data-id=\"88842ab\" data-element_type=\"widget\" data-e-type=\"widget\" data-widget_type=\"theme-post-title.default\">\n\t\t\t\t\t<h1 class=\"elementor-heading-title elementor-size-default\">Bodegas Nexus y Frontaura &amp; Victoria<\/h1>\t\t\t\t<\/div>\n\t\t\t\t<div class=\"elementor-element elementor-element-eb445c9 elementor-widget elementor-widget-text-editor\" data-id=\"eb445c9\" data-element_type=\"widget\" data-e-type=\"widget\" data-widget_type=\"text-editor.default\">\n\t\t\t\t\t\t\t\t\tBodega del Palacio de los Frontaura &amp; Victoria (DO Toro) &#8211; Nexus Bodega (DO Ribera del Duero)\t\t\t\t\t\t\t\t<\/div>\n\t\t\t\t<\/a>\n\t\t\t\t<\/div>\n\t\t\t\t<div data-elementor-type=\"loop-item\" data-elementor-id=\"1102\" class=\"elementor elementor-1102 e-loop-item e-loop-item-2781 post-2781 proyecto type-proyecto status-publish has-post-thumbnail hentry sector-educacio-editorial\" data-elementor-post-type=\"elementor_library\" data-custom-edit-handle=\"1\">\n\t\t\t<a class=\"elementor-element elementor-element-b3d06a7 e-con-full e-flex e-con e-parent\" data-id=\"b3d06a7\" data-element_type=\"container\" data-e-type=\"container\" href=\"https:\/\/artinet.net\/ca\/proyecto\/eclecta\/\">\n\t\t\t\t<div class=\"elementor-element elementor-element-d256191 elementor-widget elementor-widget-theme-post-featured-image elementor-widget-image\" data-id=\"d256191\" data-element_type=\"widget\" data-e-type=\"widget\" data-widget_type=\"theme-post-featured-image.default\">\n\t\t\t\t\t\t\t\t\t\t\t\t\t\t\t<img loading=\"lazy\" decoding=\"async\" width=\"1215\" height=\"580\" src=\"https:\/\/artinet.net\/wp-content\/uploads\/2025\/12\/Eclecta-editorial-artinet-2.jpg\" class=\"attachment-full size-full wp-image-3897\" alt=\"\" srcset=\"https:\/\/artinet.net\/wp-content\/uploads\/2025\/12\/Eclecta-editorial-artinet-2.jpg 1215w, https:\/\/artinet.net\/wp-content\/uploads\/2025\/12\/Eclecta-editorial-artinet-2-300x143.jpg 300w, https:\/\/artinet.net\/wp-content\/uploads\/2025\/12\/Eclecta-editorial-artinet-2-1024x489.jpg 1024w, https:\/\/artinet.net\/wp-content\/uploads\/2025\/12\/Eclecta-editorial-artinet-2-768x367.jpg 768w\" sizes=\"(max-width: 1215px) 100vw, 1215px\" \/>\t\t\t\t\t\t\t\t\t\t\t\t\t\t\t<\/div>\n\t\t\t\t<div class=\"elementor-element elementor-element-88842ab elementor-widget elementor-widget-theme-post-title elementor-page-title elementor-widget-heading\" data-id=\"88842ab\" data-element_type=\"widget\" data-e-type=\"widget\" data-widget_type=\"theme-post-title.default\">\n\t\t\t\t\t<h1 class=\"elementor-heading-title elementor-size-default\">Eclecta Editorial<\/h1>\t\t\t\t<\/div>\n\t\t\t\t<div class=\"elementor-element elementor-element-eb445c9 elementor-widget elementor-widget-text-editor\" data-id=\"eb445c9\" data-element_type=\"widget\" data-e-type=\"widget\" data-widget_type=\"text-editor.default\">\n\t\t\t\t\t\t\t\t\tIdentitat i Comunicaci\u00f3 per a la nova editorial independent Eclecta\t\t\t\t\t\t\t\t<\/div>\n\t\t\t\t<\/a>\n\t\t\t\t<\/div>\n\t\t\t\t<div data-elementor-type=\"loop-item\" data-elementor-id=\"1102\" class=\"elementor elementor-1102 e-loop-item e-loop-item-2716 post-2716 proyecto type-proyecto status-publish has-post-thumbnail hentry sector-educacio-editorial\" data-elementor-post-type=\"elementor_library\" data-custom-edit-handle=\"1\">\n\t\t\t<a class=\"elementor-element elementor-element-b3d06a7 e-con-full e-flex e-con e-parent\" data-id=\"b3d06a7\" data-element_type=\"container\" data-e-type=\"container\" href=\"https:\/\/artinet.net\/ca\/proyecto\/finocam\/\">\n\t\t\t\t<div class=\"elementor-element elementor-element-d256191 elementor-widget elementor-widget-theme-post-featured-image elementor-widget-image\" data-id=\"d256191\" data-element_type=\"widget\" data-e-type=\"widget\" data-widget_type=\"theme-post-featured-image.default\">\n\t\t\t\t\t\t\t\t\t\t\t\t\t\t\t<img loading=\"lazy\" decoding=\"async\" width=\"1215\" height=\"580\" src=\"https:\/\/artinet.net\/wp-content\/uploads\/2025\/12\/finocam-calendario-artinet-1-1.jpg\" class=\"attachment-full size-full wp-image-3884\" alt=\"\" srcset=\"https:\/\/artinet.net\/wp-content\/uploads\/2025\/12\/finocam-calendario-artinet-1-1.jpg 1215w, https:\/\/artinet.net\/wp-content\/uploads\/2025\/12\/finocam-calendario-artinet-1-1-300x143.jpg 300w, https:\/\/artinet.net\/wp-content\/uploads\/2025\/12\/finocam-calendario-artinet-1-1-1024x489.jpg 1024w, https:\/\/artinet.net\/wp-content\/uploads\/2025\/12\/finocam-calendario-artinet-1-1-768x367.jpg 768w\" sizes=\"(max-width: 1215px) 100vw, 1215px\" \/>\t\t\t\t\t\t\t\t\t\t\t\t\t\t\t<\/div>\n\t\t\t\t<div class=\"elementor-element elementor-element-88842ab elementor-widget elementor-widget-theme-post-title elementor-page-title elementor-widget-heading\" data-id=\"88842ab\" data-element_type=\"widget\" data-e-type=\"widget\" data-widget_type=\"theme-post-title.default\">\n\t\t\t\t\t<h1 class=\"elementor-heading-title elementor-size-default\">Finocam<\/h1>\t\t\t\t<\/div>\n\t\t\t\t<div class=\"elementor-element elementor-element-eb445c9 elementor-widget elementor-widget-text-editor\" data-id=\"eb445c9\" data-element_type=\"widget\" data-e-type=\"widget\" data-widget_type=\"text-editor.default\">\n\t\t\t\t\t\t\t\t\tCat\u00e0leg escolar, agendes, calendaris i continguts per a xarxes socials\t\t\t\t\t\t\t\t<\/div>\n\t\t\t\t<\/a>\n\t\t\t\t<\/div>\n\t\t\t\t<div data-elementor-type=\"loop-item\" data-elementor-id=\"1102\" class=\"elementor elementor-1102 e-loop-item e-loop-item-2889 post-2889 proyecto type-proyecto status-publish has-post-thumbnail hentry sector-alimentacio\" data-elementor-post-type=\"elementor_library\" data-custom-edit-handle=\"1\">\n\t\t\t<a class=\"elementor-element elementor-element-b3d06a7 e-con-full e-flex e-con e-parent\" data-id=\"b3d06a7\" data-element_type=\"container\" data-e-type=\"container\" href=\"https:\/\/artinet.net\/ca\/proyecto\/frigo\/\">\n\t\t\t\t<div class=\"elementor-element elementor-element-d256191 elementor-widget elementor-widget-theme-post-featured-image elementor-widget-image\" data-id=\"d256191\" data-element_type=\"widget\" data-e-type=\"widget\" data-widget_type=\"theme-post-featured-image.default\">\n\t\t\t\t\t\t\t\t\t\t\t\t\t\t\t<img loading=\"lazy\" decoding=\"async\" width=\"1215\" height=\"580\" src=\"https:\/\/artinet.net\/wp-content\/uploads\/2025\/12\/feature-image-frigo.jpg\" class=\"attachment-full size-full wp-image-3543\" alt=\"\" srcset=\"https:\/\/artinet.net\/wp-content\/uploads\/2025\/12\/feature-image-frigo.jpg 1215w, https:\/\/artinet.net\/wp-content\/uploads\/2025\/12\/feature-image-frigo-300x143.jpg 300w, https:\/\/artinet.net\/wp-content\/uploads\/2025\/12\/feature-image-frigo-1024x489.jpg 1024w, https:\/\/artinet.net\/wp-content\/uploads\/2025\/12\/feature-image-frigo-768x367.jpg 768w\" sizes=\"(max-width: 1215px) 100vw, 1215px\" \/>\t\t\t\t\t\t\t\t\t\t\t\t\t\t\t<\/div>\n\t\t\t\t<div class=\"elementor-element elementor-element-88842ab elementor-widget elementor-widget-theme-post-title elementor-page-title elementor-widget-heading\" data-id=\"88842ab\" data-element_type=\"widget\" data-e-type=\"widget\" data-widget_type=\"theme-post-title.default\">\n\t\t\t\t\t<h1 class=\"elementor-heading-title elementor-size-default\">Frigo<\/h1>\t\t\t\t<\/div>\n\t\t\t\t<div class=\"elementor-element elementor-element-eb445c9 elementor-widget elementor-widget-text-editor\" data-id=\"eb445c9\" data-element_type=\"widget\" data-e-type=\"widget\" data-widget_type=\"text-editor.default\">\n\t\t\t\t\t\t\t\t\tBrand Communication per a l\u00edders en la seva categoria: Gelats Frigo, Magnum, Cornetto, Carte d&#8217;Or i Ben &amp; Jerry&#8217;s\t\t\t\t\t\t\t\t<\/div>\n\t\t\t\t<\/a>\n\t\t\t\t<\/div>\n\t\t\t\t<\/div>\n\t\t\t\t\t<span class=\"e-load-more-spinner\">\n\t\t\t\t<svg aria-hidden=\"true\" class=\"e-font-icon-svg e-fas-spinner\" viewBox=\"0 0 512 512\" xmlns=\"http:\/\/www.w3.org\/2000\/svg\"><path d=\"M304 48c0 26.51-21.49 48-48 48s-48-21.49-48-48 21.49-48 48-48 48 21.49 48 48zm-48 368c-26.51 0-48 21.49-48 48s21.49 48 48 48 48-21.49 48-48-21.49-48-48-48zm208-208c-26.51 0-48 21.49-48 48s21.49 48 48 48 48-21.49 48-48-21.49-48-48-48zM96 256c0-26.51-21.49-48-48-48S0 229.49 0 256s21.49 48 48 48 48-21.49 48-48zm12.922 99.078c-26.51 0-48 21.49-48 48s21.49 48 48 48 48-21.49 48-48c0-26.509-21.491-48-48-48zm294.156 0c-26.51 0-48 21.49-48 48s21.49 48 48 48 48-21.49 48-48c0-26.509-21.49-48-48-48zM108.922 60.922c-26.51 0-48 21.49-48 48s21.49 48 48 48 48-21.49 48-48-21.491-48-48-48z\"><\/path><\/svg>\t\t\t<\/span>\n\t\t\n\t\t\t\t<div class=\"e-load-more-anchor\" data-page=\"1\" data-max-page=\"5\" data-next-page=\"https:\/\/artinet.net\/ca\/wp-json\/wp\/v2\/pages\/3206\/page\/2\/\"><\/div>\n\t\t\t\t<div class=\"e-load-more-message\"><\/div>\n\t\t\t\t\t\t<\/div>\n\t\t\t\t<\/div>\n\t\t\t\t<\/div>\n\t\t\t\t<\/div>\n\t\t","protected":false},"excerpt":{"rendered":"<p>Alimentaci\u00f3n Belleza-Cosm\u00e9tica Educaci\u00f3n-Editorial Industria<\/p>\n","protected":false},"author":1,"featured_media":0,"parent":0,"menu_order":0,"comment_status":"closed","ping_status":"closed","template":"","meta":{"_acf_changed":false,"inline_featured_image":false,"site-sidebar-layout":"no-sidebar","site-content-layout":"","ast-site-content-layout":"full-width-container","site-content-style":"default","site-sidebar-style":"default","ast-global-header-display":"","ast-banner-title-visibility":"","ast-main-header-display":"","ast-hfb-above-header-display":"","ast-hfb-below-header-display":"","ast-hfb-mobile-header-display":"","site-post-title":"disabled","ast-breadcrumbs-content":"","ast-featured-img":"disabled","footer-sml-layout":"","ast-disable-related-posts":"","theme-transparent-header-meta":"default","adv-header-id-meta":"","stick-header-meta":"","header-above-stick-meta":"","header-main-stick-meta":"","header-below-stick-meta":"","astra-migrate-meta-layouts":"default","ast-page-background-enabled":"default","ast-page-background-meta":{"desktop":{"background-color":"var(--ast-global-color-5)","background-image":"","background-repeat":"repeat","background-position":"center center","background-size":"auto","background-attachment":"scroll","background-type":"","background-media":"","overlay-type":"","overlay-color":"","overlay-opacity":"","overlay-gradient":""},"tablet":{"background-color":"","background-image":"","background-repeat":"repeat","background-position":"center center","background-size":"auto","background-attachment":"scroll","background-type":"","background-media":"","overlay-type":"","overlay-color":"","overlay-opacity":"","overlay-gradient":""},"mobile":{"background-color":"","background-image":"","background-repeat":"repeat","background-position":"center center","background-size":"auto","background-attachment":"scroll","background-type":"","background-media":"","overlay-type":"","overlay-color":"","overlay-opacity":"","overlay-gradient":""}},"ast-content-background-meta":{"desktop":{"background-color":"var(--ast-global-color-4)","background-image":"","background-repeat":"repeat","background-position":"center center","background-size":"auto","background-attachment":"scroll","background-type":"","background-media":"","overlay-type":"","overlay-color":"","overlay-opacity":"","overlay-gradient":""},"tablet":{"background-color":"var(--ast-global-color-4)","background-image":"","background-repeat":"repeat","background-position":"center center","background-size":"auto","background-attachment":"scroll","background-type":"","background-media":"","overlay-type":"","overlay-color":"","overlay-opacity":"","overlay-gradient":""},"mobile":{"background-color":"var(--ast-global-color-4)","background-image":"","background-repeat":"repeat","background-position":"center center","background-size":"auto","background-attachment":"scroll","background-type":"","background-media":"","overlay-type":"","overlay-color":"","overlay-opacity":"","overlay-gradient":""}},"footnotes":""},"class_list":["post-3206","page","type-page","status-publish","hentry"],"acf":[],"_links":{"self":[{"href":"https:\/\/artinet.net\/ca\/wp-json\/wp\/v2\/pages\/3206","targetHints":{"allow":["GET"]}}],"collection":[{"href":"https:\/\/artinet.net\/ca\/wp-json\/wp\/v2\/pages"}],"about":[{"href":"https:\/\/artinet.net\/ca\/wp-json\/wp\/v2\/types\/page"}],"author":[{"embeddable":true,"href":"https:\/\/artinet.net\/ca\/wp-json\/wp\/v2\/users\/1"}],"replies":[{"embeddable":true,"href":"https:\/\/artinet.net\/ca\/wp-json\/wp\/v2\/comments?post=3206"}],"version-history":[{"count":9,"href":"https:\/\/artinet.net\/ca\/wp-json\/wp\/v2\/pages\/3206\/revisions"}],"predecessor-version":[{"id":4090,"href":"https:\/\/artinet.net\/ca\/wp-json\/wp\/v2\/pages\/3206\/revisions\/4090"}],"wp:attachment":[{"href":"https:\/\/artinet.net\/ca\/wp-json\/wp\/v2\/media?parent=3206"}],"curies":[{"name":"wp","href":"https:\/\/api.w.org\/{rel}","templated":true}]}}